{"id":170220,"date":"2024-11-21T13:42:01","date_gmt":"2024-11-21T13:42:01","guid":{"rendered":"https:\/\/www.mfi.fr\/?page_id=170220"},"modified":"2024-11-21T14:13:21","modified_gmt":"2024-11-21T14:13:21","slug":"la-prensa","status":"publish","type":"page","link":"https:\/\/www.mfi.fr\/es\/la-prensa\/","title":{"rendered":"LA PRENSA"},"content":{"rendered":"<p><img decoding=\"async\" class=\"alignnone size-full wp-image-170197 lazyload\" data-src=\"https:\/\/www.mfi.fr\/wp-content\/uploads\/Journaux-scaled.jpg\" alt=\"\" width=\"2560\" height=\"683\" data-srcset=\"https:\/\/www.mfi.fr\/wp-content\/uploads\/Journaux-scaled.jpg 2560w, https:\/\/www.mfi.fr\/wp-content\/uploads\/Journaux-300x80.jpg 300w, https:\/\/www.mfi.fr\/wp-content\/uploads\/Journaux-1024x273.jpg 1024w, https:\/\/www.mfi.fr\/wp-content\/uploads\/Journaux-768x205.jpg 768w, https:\/\/www.mfi.fr\/wp-content\/uploads\/Journaux-1536x410.jpg 1536w, https:\/\/www.mfi.fr\/wp-content\/uploads\/Journaux-2048x546.jpg 2048w\" data-sizes=\"(max-width: 2560px) 100vw, 2560px\" src=\"data:image\/svg+xml;base64,PHN2ZyB3aWR0aD0iMSIgaGVpZ2h0PSIxIiB4bWxucz0iaHR0cDovL3d3dy53My5vcmcvMjAwMC9zdmciPjwvc3ZnPg==\" style=\"--smush-placeholder-width: 2560px; --smush-placeholder-aspect-ratio: 2560\/683;\" \/><\/p>\n<p>&nbsp;<\/p>\n<blockquote><p><strong>DESCARGA NUESTRO KIT DE PRENSA (en franc\u00e9s):<\/strong><\/p><\/blockquote>\n<p><a href=\"https:\/\/www.mfi.fr\/wp-content\/uploads\/20240916-Dossier-de-presse-MFI-V10-SENT.pdf\">20240916 Dossier de presse MFI V10 SENT<\/a><\/p>\n<p>&nbsp;<\/p>\n<blockquote><p><strong>LEA NUESTROS ULTIMOS COMUNICADOS DE PRENSA:\u00a0<\/strong><\/p><\/blockquote>\n<p>OCTUBRE 2024: <a href=\"https:\/\/www.mfi.fr\/wp-content\/uploads\/20241003-PR-signature-LoI-MOWRAM-Cambodia-ENGLISH.pdf\">20241003 PR signature LoI MOWRAM Cambodia &#8211; ENGLISH<\/a><\/p>\n<p>JUNIO2024: <a href=\"https:\/\/www.mfi.fr\/wp-content\/uploads\/20240606-PR-Signature-contract-Kuwait-DGCA-ENGLISH.pdf\">20240606 PR Signature contract Kuwait DGCA ENGLISH<\/a><\/p>\n<p>AGOSTO 2023: <a href=\"https:\/\/www.mfi.fr\/wp-content\/uploads\/20230830-PR-Signature-SPA-Mozambique-ENGLISH.pdf\">20230830 PR Signature SPA Mozambique &#8211; ENGLISH<\/a><\/p>\n<p>&nbsp;<\/p>\n<blockquote><p><strong>DESCARGA NUESTRO LOGO:<\/strong><\/p><\/blockquote>\n<p><img decoding=\"async\" class=\"alignnone wp-image-170172 size-large lazyload\" data-src=\"https:\/\/www.mfi.fr\/wp-content\/uploads\/Logo-MFI-full-1024x442.png\" alt=\"\" width=\"1024\" height=\"442\" data-srcset=\"https:\/\/www.mfi.fr\/wp-content\/uploads\/Logo-MFI-full-1024x442.png 1024w, https:\/\/www.mfi.fr\/wp-content\/uploads\/Logo-MFI-full-300x130.png 300w, https:\/\/www.mfi.fr\/wp-content\/uploads\/Logo-MFI-full-768x332.png 768w, https:\/\/www.mfi.fr\/wp-content\/uploads\/Logo-MFI-full-1536x663.png 1536w, https:\/\/www.mfi.fr\/wp-content\/uploads\/Logo-MFI-full-2048x884.png 2048w, https:\/\/www.mfi.fr\/wp-content\/uploads\/Logo-MFI-full-452x194.png 452w\" data-sizes=\"(max-width: 1024px) 100vw, 1024px\" src=\"data:image\/svg+xml;base64,PHN2ZyB3aWR0aD0iMSIgaGVpZ2h0PSIxIiB4bWxucz0iaHR0cDovL3d3dy53My5vcmcvMjAwMC9zdmciPjwvc3ZnPg==\" style=\"--smush-placeholder-width: 1024px; --smush-placeholder-aspect-ratio: 1024\/442;\" \/><\/p>\n<p>Si necesitas informaci\u00f3n m\u00e1s espec\u00edfica, o quieres entrevistar a uno de nuestros portavoces, ponte en contacto con nuestro Responsable de Comunicaci\u00f3n:<br \/>\nAmanda NORMAND &#8211; amanda.normand@mfi.fr<\/p>\n","protected":false},"excerpt":{"rendered":"<p>&nbsp; DESCARGA NUESTRO KIT DE PRENSA (en franc\u00e9s): 20240916 Dossier de presse MFI V10 SENT &nbsp; LEA NUESTROS ULTIMOS COMUNICADOS DE PRENSA:\u00a0 OCTUBRE 2024: 20241003 PR signature LoI MOWRAM Cambodia &#8211; ENGLISH JUNIO2024: 20240606 PR Signature contract Kuwait DGCA ENGLISH AGOSTO 2023: 20230830 PR Signature SPA Mozambique &#8211; ENGLISH &nbsp; DESCARGA NUESTRO LOGO: Si necesitas [&hellip;]<\/p>\n","protected":false},"author":2,"featured_media":0,"parent":0,"menu_order":0,"comment_status":"closed","ping_status":"closed","template":"","meta":{"_acf_changed":false,"inline_featured_image":false,"footnotes":""},"class_list":["post-170220","page","type-page","status-publish","hentry"],"acf":[],"yoast_head":"<!-- This site is optimized with the Yoast SEO plugin v27.1.1 - https:\/\/yoast.com\/product\/yoast-seo-wordpress\/ -->\n<title>LA PRENSA - MFI - Meteo France International<\/title>\n<meta name=\"robots\" content=\"index, follow, max-snippet:-1, max-image-preview:large, max-video-preview:-1\" \/>\n<link rel=\"canonical\" href=\"https:\/\/www.mfi.fr\/es\/la-prensa\/\" \/>\n<meta property=\"og:locale\" content=\"es_ES\" \/>\n<meta property=\"og:type\" content=\"article\" \/>\n<meta property=\"og:title\" content=\"LA PRENSA - MFI - Meteo France International\" \/>\n<meta property=\"og:description\" content=\"&nbsp; DESCARGA NUESTRO KIT DE PRENSA (en franc\u00e9s): 20240916 Dossier de presse MFI V10 SENT &nbsp; LEA NUESTROS ULTIMOS COMUNICADOS DE PRENSA:\u00a0 OCTUBRE 2024: 20241003 PR signature LoI MOWRAM Cambodia &#8211; ENGLISH JUNIO2024: 20240606 PR Signature contract Kuwait DGCA ENGLISH AGOSTO 2023: 20230830 PR Signature SPA Mozambique &#8211; ENGLISH &nbsp; DESCARGA NUESTRO LOGO: Si necesitas [&hellip;]\" \/>\n<meta property=\"og:url\" content=\"https:\/\/www.mfi.fr\/es\/la-prensa\/\" \/>\n<meta property=\"og:site_name\" content=\"MFI - Meteo France International\" \/>\n<meta property=\"article:modified_time\" content=\"2024-11-21T14:13:21+00:00\" \/>\n<meta property=\"og:image\" content=\"https:\/\/www.mfi.fr\/wp-content\/uploads\/Journaux-scaled.jpg\" \/>\n\t<meta property=\"og:image:width\" content=\"2560\" \/>\n\t<meta property=\"og:image:height\" content=\"683\" \/>\n\t<meta property=\"og:image:type\" content=\"image\/jpeg\" \/>\n<meta name=\"twitter:card\" content=\"summary_large_image\" \/>\n<meta name=\"twitter:site\" content=\"@MFI_met\" \/>\n<meta name=\"twitter:label1\" content=\"Tiempo de lectura\" \/>\n\t<meta name=\"twitter:data1\" content=\"1 minuto\" \/>\n<script type=\"application\/ld+json\" class=\"yoast-schema-graph\">{\"@context\":\"https:\/\/schema.org\",\"@graph\":[{\"@type\":\"WebPage\",\"@id\":\"https:\/\/www.mfi.fr\/es\/la-prensa\/\",\"url\":\"https:\/\/www.mfi.fr\/es\/la-prensa\/\",\"name\":\"LA PRENSA - MFI - Meteo France International\",\"isPartOf\":{\"@id\":\"https:\/\/www.mfi.fr\/#website\"},\"primaryImageOfPage\":{\"@id\":\"https:\/\/www.mfi.fr\/es\/la-prensa\/#primaryimage\"},\"image\":{\"@id\":\"https:\/\/www.mfi.fr\/es\/la-prensa\/#primaryimage\"},\"thumbnailUrl\":\"https:\/\/www.mfi.fr\/wp-content\/uploads\/Journaux-scaled.jpg\",\"datePublished\":\"2024-11-21T13:42:01+00:00\",\"dateModified\":\"2024-11-21T14:13:21+00:00\",\"breadcrumb\":{\"@id\":\"https:\/\/www.mfi.fr\/es\/la-prensa\/#breadcrumb\"},\"inLanguage\":\"es\",\"potentialAction\":[{\"@type\":\"ReadAction\",\"target\":[\"https:\/\/www.mfi.fr\/es\/la-prensa\/\"]}]},{\"@type\":\"ImageObject\",\"inLanguage\":\"es\",\"@id\":\"https:\/\/www.mfi.fr\/es\/la-prensa\/#primaryimage\",\"url\":\"https:\/\/www.mfi.fr\/wp-content\/uploads\/Journaux-scaled.jpg\",\"contentUrl\":\"https:\/\/www.mfi.fr\/wp-content\/uploads\/Journaux-scaled.jpg\"},{\"@type\":\"BreadcrumbList\",\"@id\":\"https:\/\/www.mfi.fr\/es\/la-prensa\/#breadcrumb\",\"itemListElement\":[{\"@type\":\"ListItem\",\"position\":1,\"name\":\"Home\",\"item\":\"https:\/\/www.mfi.fr\/es\/\"},{\"@type\":\"ListItem\",\"position\":2,\"name\":\"LA PRENSA\"}]},{\"@type\":\"WebSite\",\"@id\":\"https:\/\/www.mfi.fr\/#website\",\"url\":\"https:\/\/www.mfi.fr\/\",\"name\":\"MFI - Meteo France International\",\"description\":\"With you for weather\",\"publisher\":{\"@id\":\"https:\/\/www.mfi.fr\/#organization\"},\"potentialAction\":[{\"@type\":\"SearchAction\",\"target\":{\"@type\":\"EntryPoint\",\"urlTemplate\":\"https:\/\/www.mfi.fr\/?s={search_term_string}\"},\"query-input\":{\"@type\":\"PropertyValueSpecification\",\"valueRequired\":true,\"valueName\":\"search_term_string\"}}],\"inLanguage\":\"es\"},{\"@type\":\"Organization\",\"@id\":\"https:\/\/www.mfi.fr\/#organization\",\"name\":\"MFI - Meteo France International\",\"url\":\"https:\/\/www.mfi.fr\/\",\"logo\":{\"@type\":\"ImageObject\",\"inLanguage\":\"es\",\"@id\":\"https:\/\/www.mfi.fr\/#\/schema\/logo\/image\/\",\"url\":\"https:\/\/www.mfi.fr\/wp-content\/uploads\/Logo_MFI-blanc-1.svg\",\"contentUrl\":\"https:\/\/www.mfi.fr\/wp-content\/uploads\/Logo_MFI-blanc-1.svg\",\"caption\":\"MFI - Meteo France International\"},\"image\":{\"@id\":\"https:\/\/www.mfi.fr\/#\/schema\/logo\/image\/\"},\"sameAs\":[\"https:\/\/x.com\/MFI_met\",\"https:\/\/www.linkedin.com\/company\/meteo-france-international\",\"https:\/\/www.youtube.com\/channel\/UCtOqEOoK7TrwcsCoa3QcPDQ\"]}]}<\/script>\n<!-- \/ Yoast SEO plugin. -->","yoast_head_json":{"title":"LA PRENSA - MFI - Meteo France International","robots":{"index":"index","follow":"follow","max-snippet":"max-snippet:-1","max-image-preview":"max-image-preview:large","max-video-preview":"max-video-preview:-1"},"canonical":"https:\/\/www.mfi.fr\/es\/la-prensa\/","og_locale":"es_ES","og_type":"article","og_title":"LA PRENSA - MFI - Meteo France International","og_description":"&nbsp; DESCARGA NUESTRO KIT DE PRENSA (en franc\u00e9s): 20240916 Dossier de presse MFI V10 SENT &nbsp; LEA NUESTROS ULTIMOS COMUNICADOS DE PRENSA:\u00a0 OCTUBRE 2024: 20241003 PR signature LoI MOWRAM Cambodia &#8211; ENGLISH JUNIO2024: 20240606 PR Signature contract Kuwait DGCA ENGLISH AGOSTO 2023: 20230830 PR Signature SPA Mozambique &#8211; ENGLISH &nbsp; DESCARGA NUESTRO LOGO: Si necesitas [&hellip;]","og_url":"https:\/\/www.mfi.fr\/es\/la-prensa\/","og_site_name":"MFI - Meteo France International","article_modified_time":"2024-11-21T14:13:21+00:00","og_image":[{"width":2560,"height":683,"url":"https:\/\/www.mfi.fr\/wp-content\/uploads\/Journaux-scaled.jpg","type":"image\/jpeg"}],"twitter_card":"summary_large_image","twitter_site":"@MFI_met","twitter_misc":{"Tiempo de lectura":"1 minuto"},"schema":{"@context":"https:\/\/schema.org","@graph":[{"@type":"WebPage","@id":"https:\/\/www.mfi.fr\/es\/la-prensa\/","url":"https:\/\/www.mfi.fr\/es\/la-prensa\/","name":"LA PRENSA - MFI - Meteo France International","isPartOf":{"@id":"https:\/\/www.mfi.fr\/#website"},"primaryImageOfPage":{"@id":"https:\/\/www.mfi.fr\/es\/la-prensa\/#primaryimage"},"image":{"@id":"https:\/\/www.mfi.fr\/es\/la-prensa\/#primaryimage"},"thumbnailUrl":"https:\/\/www.mfi.fr\/wp-content\/uploads\/Journaux-scaled.jpg","datePublished":"2024-11-21T13:42:01+00:00","dateModified":"2024-11-21T14:13:21+00:00","breadcrumb":{"@id":"https:\/\/www.mfi.fr\/es\/la-prensa\/#breadcrumb"},"inLanguage":"es","potentialAction":[{"@type":"ReadAction","target":["https:\/\/www.mfi.fr\/es\/la-prensa\/"]}]},{"@type":"ImageObject","inLanguage":"es","@id":"https:\/\/www.mfi.fr\/es\/la-prensa\/#primaryimage","url":"https:\/\/www.mfi.fr\/wp-content\/uploads\/Journaux-scaled.jpg","contentUrl":"https:\/\/www.mfi.fr\/wp-content\/uploads\/Journaux-scaled.jpg"},{"@type":"BreadcrumbList","@id":"https:\/\/www.mfi.fr\/es\/la-prensa\/#breadcrumb","itemListElement":[{"@type":"ListItem","position":1,"name":"Home","item":"https:\/\/www.mfi.fr\/es\/"},{"@type":"ListItem","position":2,"name":"LA PRENSA"}]},{"@type":"WebSite","@id":"https:\/\/www.mfi.fr\/#website","url":"https:\/\/www.mfi.fr\/","name":"MFI - Meteo France International","description":"With you for weather","publisher":{"@id":"https:\/\/www.mfi.fr\/#organization"},"potentialAction":[{"@type":"SearchAction","target":{"@type":"EntryPoint","urlTemplate":"https:\/\/www.mfi.fr\/?s={search_term_string}"},"query-input":{"@type":"PropertyValueSpecification","valueRequired":true,"valueName":"search_term_string"}}],"inLanguage":"es"},{"@type":"Organization","@id":"https:\/\/www.mfi.fr\/#organization","name":"MFI - Meteo France International","url":"https:\/\/www.mfi.fr\/","logo":{"@type":"ImageObject","inLanguage":"es","@id":"https:\/\/www.mfi.fr\/#\/schema\/logo\/image\/","url":"https:\/\/www.mfi.fr\/wp-content\/uploads\/Logo_MFI-blanc-1.svg","contentUrl":"https:\/\/www.mfi.fr\/wp-content\/uploads\/Logo_MFI-blanc-1.svg","caption":"MFI - Meteo France International"},"image":{"@id":"https:\/\/www.mfi.fr\/#\/schema\/logo\/image\/"},"sameAs":["https:\/\/x.com\/MFI_met","https:\/\/www.linkedin.com\/company\/meteo-france-international","https:\/\/www.youtube.com\/channel\/UCtOqEOoK7TrwcsCoa3QcPDQ"]}]}},"_links":{"self":[{"href":"https:\/\/www.mfi.fr\/es\/wp-json\/wp\/v2\/pages\/170220","targetHints":{"allow":["GET"]}}],"collection":[{"href":"https:\/\/www.mfi.fr\/es\/wp-json\/wp\/v2\/pages"}],"about":[{"href":"https:\/\/www.mfi.fr\/es\/wp-json\/wp\/v2\/types\/page"}],"author":[{"embeddable":true,"href":"https:\/\/www.mfi.fr\/es\/wp-json\/wp\/v2\/users\/2"}],"replies":[{"embeddable":true,"href":"https:\/\/www.mfi.fr\/es\/wp-json\/wp\/v2\/comments?post=170220"}],"version-history":[{"count":1,"href":"https:\/\/www.mfi.fr\/es\/wp-json\/wp\/v2\/pages\/170220\/revisions"}],"predecessor-version":[{"id":170229,"href":"https:\/\/www.mfi.fr\/es\/wp-json\/wp\/v2\/pages\/170220\/revisions\/170229"}],"wp:attachment":[{"href":"https:\/\/www.mfi.fr\/es\/wp-json\/wp\/v2\/media?parent=170220"}],"curies":[{"name":"wp","href":"https:\/\/api.w.org\/{rel}","templated":true}]}}