{"id":1220,"date":"2022-04-30T04:58:35","date_gmt":"2022-04-30T04:58:35","guid":{"rendered":"https:\/\/www.mfi.fr\/politique-de-confidentialite\/"},"modified":"2023-07-26T09:07:38","modified_gmt":"2023-07-26T09:07:38","slug":"politica-de-confidencialidad","status":"publish","type":"page","link":"https:\/\/www.mfi.fr\/es\/politica-de-confidencialidad\/","title":{"rendered":"Pol\u00edtica de confidencialidad"},"content":{"rendered":"<div id=\"pl-1220\"  class=\"panel-layout\" ><div id=\"pg-1220-0\"  class=\"panel-grid panel-no-style\" ><div id=\"pgc-1220-0-0\"  class=\"panel-grid-cell\" ><div id=\"panel-1220-0-0-0\" class=\"so-panel widget widget_sow-editor panel-first-child panel-last-child\" data-index=\"0\" ><div\n\t\t\t\n\t\t\tclass=\"so-widget-sow-editor so-widget-sow-editor-base\"\n\t\t\t\n\t\t>\n<div class=\"siteorigin-widget-tinymce textwidget\">\n\t<h3>DONNEES PERSONNELLES<\/h3>\n<p>La Soci\u00e9t\u00e9 Meteo France International est le seul destinataire des donn\u00e9es personnelles pouvant \u00eatre collect\u00e9es via son site web et ne proc\u00e8dera pas \u00e0 la cession de son fichier client.<br \/>\nLes utilisateurs disposent d'un droit d'acc\u00e8s, de modification et de suppression des donn\u00e9es les concernant conform\u00e9ment \u00e0 ce qu'\u00e9noncent les articles 39 et 40 de la loi du 6 janvier 1978 modifi\u00e9e par la loi du 6 ao\u00fbt 2004. Pour exercer ces droits, vous pouvez vous adresser directement \u00e0 la Soci\u00e9t\u00e9 Meteo France International par courriel (rgpd@mfi.fr) ou par courrier, en pr\u00e9cisant \u00ab Service Gestion des donn\u00e9es personnelles \u00bb. Si vous estimez, apr\u00e8s avoir nous avoir contact\u00e9, que vos droits \u00ab Informatique et Libert\u00e9s \u00bb ne sont pas respect\u00e9s, vous pouvez adresser une r\u00e9clamation en ligne \u00e0 la CNIL.<\/p>\n<p>Les donn\u00e9es personnelles collect\u00e9es sont destin\u00e9es \u00e0 fournir \u00e0 l'utilisateur les produits et services propos\u00e9s par ce Site et ne seront pas utilis\u00e9es \u00e0 des fins non pr\u00e9vues par les pr\u00e9sentes mentions l\u00e9gales. En effet, vous pouvez \u00eatre amen\u00e9s \u00e0 nous communiquer certaines donn\u00e9es telles que: votre nom, votre fonction, le nom de votre soci\u00e9t\u00e9, votre adresse \u00e9lectronique, et votre num\u00e9ro de t\u00e9l\u00e9phone. Tel est le cas lorsque vous remplissez le formulaire qui vous est propos\u00e9 en ligne, dans la rubrique \u00ab Contact \u00bb. A cette fin, toutes les r\u00e9ponses demand\u00e9es sont strictement n\u00e9cessaires \u00e0 la fourniture du produit ou service concern\u00e9. En cas de r\u00e9ponse incompl\u00e8te ou d'absence d'une r\u00e9ponse, l'utilisateur s'expose \u00e0 ne pas se voir fournir le produit ou service sollicit\u00e9.<\/p>\n<p>Les messages \u00e9lectroniques et donn\u00e9es nominatives envoy\u00e9s \u00e0 Meteo France International via son Site web sont conserv\u00e9s durant une p\u00e9riode maximale de 2 ans.<\/p>\n<p>Meteo France International ne commercialise pas vos donn\u00e9es personnelles, qui sont uniquement utilis\u00e9es par n\u00e9cessit\u00e9 ou \u00e0 des fins statistiques et d\u2019analyses.<br \/>\nLes utilisateurs du Site sont tenus de respecter les dispositions de la loi informatique, fichiers et libert\u00e9s, dont la violation est passible de sanctions p\u00e9nales. Ils doivent notamment s'abstenir, s'agissant des informations nominatives auxquelles ils acc\u00e8dent, de toute collecte, de toute utilisation d\u00e9tourn\u00e9e et, d'une mani\u00e8re g\u00e9n\u00e9rale, de tout acte susceptible de porter atteinte \u00e0 la vie priv\u00e9e ou \u00e0 la r\u00e9putation des personnes.<\/p>\n<h3><strong>COOKIES<\/strong><\/h3>\n<p>La navigation sur le site www.mfi.fr est susceptible de provoquer l\u2019installation de cookie(s) sur l\u2019ordinateur de l\u2019utilisateur. Les cookies sont enregistr\u00e9s pour une dur\u00e9e maximale de 2 ans.<br \/>\nUn \"cookie\" est un fichier de petite taille qui enregistre des informations relatives \u00e0 la navigation d\u2019un utilisateur sur un site. Les donn\u00e9es ainsi obtenues permettent d'obtenir des mesures de fr\u00e9quentation, par exemple. Vous avez la possibilit\u00e9 d\u2019accepter ou de refuser les cookies en modifiant les param\u00e8tres de votre navigateur. Aucun cookie ne sera d\u00e9pos\u00e9 sans votre consentement. Si l\u2019utilisateur refuse l\u2019enregistrement de cookies dans son terminal ou son navigateur, ou si l\u2019utilisateur supprime ceux qui y sont enregistr\u00e9s, l\u2019utilisateur est inform\u00e9 que sa navigation et son exp\u00e9rience sur le site peuvent \u00eatre limit\u00e9es.<br \/>\nNous pouvons collecter de mani\u00e8re automatique certaines informations vous concernant lors d\u2019une simple navigation sur notre Site internet, notamment : des informations concernant l\u2019utilisation de notre site, comme les zones que vous visitez et les services auxquels vous acc\u00e9dez, votre adresse IP, le type de votre navigateur, vos temps d\u2019acc\u00e8s.<br \/>\nDe telles informations sont utilis\u00e9es exclusivement \u00e0 des fins de statistiques internes, de mani\u00e8re \u00e0 am\u00e9liorer la qualit\u00e9 des services qui vous sont propos\u00e9s.<br \/>\nEn cliquant sur les ic\u00f4nes d\u00e9di\u00e9es aux r\u00e9seaux sociaux Twitter, Linkedin et Youtube figurant sur notre Site et si l\u2019Utilisateur a accept\u00e9 le d\u00e9p\u00f4t de cookies, en poursuivant sa navigation sur le site Internet de Meteo France International, Twitter, Linkedin et Youtube peuvent \u00e9galement d\u00e9poser des cookies sur vos terminaux (ordinateur, tablette, t\u00e9l\u00e9phone portable).<\/p>\n<p>&nbsp;<\/p>\n<p>&nbsp;<\/p>\n<\/div>\n<\/div><\/div><\/div><\/div><\/div>","protected":false},"excerpt":{"rendered":"<p>DONNEES PERSONNELLES La Soci\u00e9t\u00e9 Meteo France International est le seul destinataire des donn\u00e9es personnelles pouvant \u00eatre collect\u00e9es via son site web et ne proc\u00e8dera pas \u00e0 la cession de son fichier client. Les utilisateurs disposent d&#8217;un droit d&#8217;acc\u00e8s, de modification et de suppression des donn\u00e9es les concernant conform\u00e9ment \u00e0 ce qu&#8217;\u00e9noncent les articles 39 et [&hellip;]<\/p>\n","protected":false},"author":1,"featured_media":0,"parent":0,"menu_order":0,"comment_status":"closed","ping_status":"closed","template":"","meta":{"_acf_changed":false,"inline_featured_image":false,"footnotes":""},"class_list":["post-1220","page","type-page","status-publish","hentry"],"acf":[],"yoast_head":"<!-- This site is optimized with the Yoast SEO plugin v27.1.1 - https:\/\/yoast.com\/product\/yoast-seo-wordpress\/ -->\n<title>Pol\u00edtica de confidencialidad - MFI - Meteo France International<\/title>\n<meta name=\"robots\" content=\"index, follow, max-snippet:-1, max-image-preview:large, max-video-preview:-1\" \/>\n<link rel=\"canonical\" href=\"https:\/\/www.mfi.fr\/es\/politica-de-confidencialidad\/\" \/>\n<meta property=\"og:locale\" content=\"es_ES\" \/>\n<meta property=\"og:type\" content=\"article\" \/>\n<meta property=\"og:title\" content=\"Pol\u00edtica de confidencialidad - MFI - Meteo France International\" \/>\n<meta property=\"og:description\" content=\"DONNEES PERSONNELLES La Soci\u00e9t\u00e9 Meteo France International est le seul destinataire des donn\u00e9es personnelles pouvant \u00eatre collect\u00e9es via son site web et ne proc\u00e8dera pas \u00e0 la cession de son fichier client. Les utilisateurs disposent d&#039;un droit d&#039;acc\u00e8s, de modification et de suppression des donn\u00e9es les concernant conform\u00e9ment \u00e0 ce qu&#039;\u00e9noncent les articles 39 et [&hellip;]\" \/>\n<meta property=\"og:url\" content=\"https:\/\/www.mfi.fr\/es\/politica-de-confidencialidad\/\" \/>\n<meta property=\"og:site_name\" content=\"MFI - Meteo France International\" \/>\n<meta property=\"article:modified_time\" content=\"2023-07-26T09:07:38+00:00\" \/>\n<meta name=\"twitter:card\" content=\"summary_large_image\" \/>\n<meta name=\"twitter:site\" content=\"@MFI_met\" \/>\n<meta name=\"twitter:label1\" content=\"Tiempo de lectura\" \/>\n\t<meta name=\"twitter:data1\" content=\"3 minutos\" \/>\n<script type=\"application\/ld+json\" class=\"yoast-schema-graph\">{\"@context\":\"https:\/\/schema.org\",\"@graph\":[{\"@type\":\"WebPage\",\"@id\":\"https:\/\/www.mfi.fr\/es\/politica-de-confidencialidad\/\",\"url\":\"https:\/\/www.mfi.fr\/es\/politica-de-confidencialidad\/\",\"name\":\"Pol\u00edtica de confidencialidad - MFI - Meteo France International\",\"isPartOf\":{\"@id\":\"https:\/\/www.mfi.fr\/#website\"},\"datePublished\":\"2022-04-30T04:58:35+00:00\",\"dateModified\":\"2023-07-26T09:07:38+00:00\",\"breadcrumb\":{\"@id\":\"https:\/\/www.mfi.fr\/es\/politica-de-confidencialidad\/#breadcrumb\"},\"inLanguage\":\"es\",\"potentialAction\":[{\"@type\":\"ReadAction\",\"target\":[\"https:\/\/www.mfi.fr\/es\/politica-de-confidencialidad\/\"]}]},{\"@type\":\"BreadcrumbList\",\"@id\":\"https:\/\/www.mfi.fr\/es\/politica-de-confidencialidad\/#breadcrumb\",\"itemListElement\":[{\"@type\":\"ListItem\",\"position\":1,\"name\":\"Home\",\"item\":\"https:\/\/www.mfi.fr\/es\/\"},{\"@type\":\"ListItem\",\"position\":2,\"name\":\"Pol\u00edtica de confidencialidad\"}]},{\"@type\":\"WebSite\",\"@id\":\"https:\/\/www.mfi.fr\/#website\",\"url\":\"https:\/\/www.mfi.fr\/\",\"name\":\"MFI - Meteo France International\",\"description\":\"With you for weather\",\"publisher\":{\"@id\":\"https:\/\/www.mfi.fr\/#organization\"},\"potentialAction\":[{\"@type\":\"SearchAction\",\"target\":{\"@type\":\"EntryPoint\",\"urlTemplate\":\"https:\/\/www.mfi.fr\/?s={search_term_string}\"},\"query-input\":{\"@type\":\"PropertyValueSpecification\",\"valueRequired\":true,\"valueName\":\"search_term_string\"}}],\"inLanguage\":\"es\"},{\"@type\":\"Organization\",\"@id\":\"https:\/\/www.mfi.fr\/#organization\",\"name\":\"MFI - Meteo France International\",\"url\":\"https:\/\/www.mfi.fr\/\",\"logo\":{\"@type\":\"ImageObject\",\"inLanguage\":\"es\",\"@id\":\"https:\/\/www.mfi.fr\/#\/schema\/logo\/image\/\",\"url\":\"https:\/\/www.mfi.fr\/wp-content\/uploads\/Logo_MFI-blanc-1.svg\",\"contentUrl\":\"https:\/\/www.mfi.fr\/wp-content\/uploads\/Logo_MFI-blanc-1.svg\",\"caption\":\"MFI - Meteo France International\"},\"image\":{\"@id\":\"https:\/\/www.mfi.fr\/#\/schema\/logo\/image\/\"},\"sameAs\":[\"https:\/\/x.com\/MFI_met\",\"https:\/\/www.linkedin.com\/company\/meteo-france-international\",\"https:\/\/www.youtube.com\/channel\/UCtOqEOoK7TrwcsCoa3QcPDQ\"]}]}<\/script>\n<!-- \/ Yoast SEO plugin. -->","yoast_head_json":{"title":"Pol\u00edtica de confidencialidad - MFI - Meteo France International","robots":{"index":"index","follow":"follow","max-snippet":"max-snippet:-1","max-image-preview":"max-image-preview:large","max-video-preview":"max-video-preview:-1"},"canonical":"https:\/\/www.mfi.fr\/es\/politica-de-confidencialidad\/","og_locale":"es_ES","og_type":"article","og_title":"Pol\u00edtica de confidencialidad - MFI - Meteo France International","og_description":"DONNEES PERSONNELLES La Soci\u00e9t\u00e9 Meteo France International est le seul destinataire des donn\u00e9es personnelles pouvant \u00eatre collect\u00e9es via son site web et ne proc\u00e8dera pas \u00e0 la cession de son fichier client. Les utilisateurs disposent d'un droit d'acc\u00e8s, de modification et de suppression des donn\u00e9es les concernant conform\u00e9ment \u00e0 ce qu'\u00e9noncent les articles 39 et [&hellip;]","og_url":"https:\/\/www.mfi.fr\/es\/politica-de-confidencialidad\/","og_site_name":"MFI - Meteo France International","article_modified_time":"2023-07-26T09:07:38+00:00","twitter_card":"summary_large_image","twitter_site":"@MFI_met","twitter_misc":{"Tiempo de lectura":"3 minutos"},"schema":{"@context":"https:\/\/schema.org","@graph":[{"@type":"WebPage","@id":"https:\/\/www.mfi.fr\/es\/politica-de-confidencialidad\/","url":"https:\/\/www.mfi.fr\/es\/politica-de-confidencialidad\/","name":"Pol\u00edtica de confidencialidad - MFI - Meteo France International","isPartOf":{"@id":"https:\/\/www.mfi.fr\/#website"},"datePublished":"2022-04-30T04:58:35+00:00","dateModified":"2023-07-26T09:07:38+00:00","breadcrumb":{"@id":"https:\/\/www.mfi.fr\/es\/politica-de-confidencialidad\/#breadcrumb"},"inLanguage":"es","potentialAction":[{"@type":"ReadAction","target":["https:\/\/www.mfi.fr\/es\/politica-de-confidencialidad\/"]}]},{"@type":"BreadcrumbList","@id":"https:\/\/www.mfi.fr\/es\/politica-de-confidencialidad\/#breadcrumb","itemListElement":[{"@type":"ListItem","position":1,"name":"Home","item":"https:\/\/www.mfi.fr\/es\/"},{"@type":"ListItem","position":2,"name":"Pol\u00edtica de confidencialidad"}]},{"@type":"WebSite","@id":"https:\/\/www.mfi.fr\/#website","url":"https:\/\/www.mfi.fr\/","name":"MFI - Meteo France International","description":"With you for weather","publisher":{"@id":"https:\/\/www.mfi.fr\/#organization"},"potentialAction":[{"@type":"SearchAction","target":{"@type":"EntryPoint","urlTemplate":"https:\/\/www.mfi.fr\/?s={search_term_string}"},"query-input":{"@type":"PropertyValueSpecification","valueRequired":true,"valueName":"search_term_string"}}],"inLanguage":"es"},{"@type":"Organization","@id":"https:\/\/www.mfi.fr\/#organization","name":"MFI - Meteo France International","url":"https:\/\/www.mfi.fr\/","logo":{"@type":"ImageObject","inLanguage":"es","@id":"https:\/\/www.mfi.fr\/#\/schema\/logo\/image\/","url":"https:\/\/www.mfi.fr\/wp-content\/uploads\/Logo_MFI-blanc-1.svg","contentUrl":"https:\/\/www.mfi.fr\/wp-content\/uploads\/Logo_MFI-blanc-1.svg","caption":"MFI - Meteo France International"},"image":{"@id":"https:\/\/www.mfi.fr\/#\/schema\/logo\/image\/"},"sameAs":["https:\/\/x.com\/MFI_met","https:\/\/www.linkedin.com\/company\/meteo-france-international","https:\/\/www.youtube.com\/channel\/UCtOqEOoK7TrwcsCoa3QcPDQ"]}]}},"_links":{"self":[{"href":"https:\/\/www.mfi.fr\/es\/wp-json\/wp\/v2\/pages\/1220","targetHints":{"allow":["GET"]}}],"collection":[{"href":"https:\/\/www.mfi.fr\/es\/wp-json\/wp\/v2\/pages"}],"about":[{"href":"https:\/\/www.mfi.fr\/es\/wp-json\/wp\/v2\/types\/page"}],"author":[{"embeddable":true,"href":"https:\/\/www.mfi.fr\/es\/wp-json\/wp\/v2\/users\/1"}],"replies":[{"embeddable":true,"href":"https:\/\/www.mfi.fr\/es\/wp-json\/wp\/v2\/comments?post=1220"}],"version-history":[{"count":16,"href":"https:\/\/www.mfi.fr\/es\/wp-json\/wp\/v2\/pages\/1220\/revisions"}],"predecessor-version":[{"id":65403,"href":"https:\/\/www.mfi.fr\/es\/wp-json\/wp\/v2\/pages\/1220\/revisions\/65403"}],"wp:attachment":[{"href":"https:\/\/www.mfi.fr\/es\/wp-json\/wp\/v2\/media?parent=1220"}],"curies":[{"name":"wp","href":"https:\/\/api.w.org\/{rel}","templated":true}]}}