{"id":1212,"date":"2022-04-30T04:57:00","date_gmt":"2022-04-30T04:57:00","guid":{"rendered":"https:\/\/www.mfi.fr\/mentions-legales\/"},"modified":"2023-07-26T09:08:08","modified_gmt":"2023-07-26T09:08:08","slug":"notas-legales","status":"publish","type":"page","link":"https:\/\/www.mfi.fr\/es\/notas-legales\/","title":{"rendered":"Notas legales"},"content":{"rendered":"<p><strong>ACCEPTATION DES CONDITIONS GENERALES D&#8217;UTILISATION<\/strong><\/p>\n<p>Les pr\u00e9sentes Conditions G\u00e9n\u00e9rales d\u2019Utilisation (\u201dCGU\u201c) \u00e9noncent les termes et conditions r\u00e9gissant votre utilisation et votre acc\u00e8s au site web de Meteo France International (le \u201dSite\u201c). En acc\u00e9dant et en naviguant sur le Site ou en utilisant et\/ou en t\u00e9l\u00e9chargeant tout contenu \u00e0 partir de celui-ci, vous acceptez enti\u00e8rement les CGU telles que d\u00e9finies ci-dessous. Si vous n\u2019acceptez pas d\u2019\u00eatre li\u00e9 par les pr\u00e9sentes CGU, vous ne devez pas acc\u00e9der au Site ni l\u2019utiliser.<\/p>\n<p><strong>1) Objet du site<\/strong><\/p>\n<blockquote><p>Tous les \u00e9l\u00e9ments contenus sur le Site sont des pr\u00e9sentations parfois partielles, ils sont fournis \u00e0 titre informatif uniquement et ne doivent pas \u00eatre interpr\u00e9t\u00e9s comme une offre commerciale, une licence, une relation de conseil entre vous et Meteo France International. Les informations fournies sur ce Site peuvent n\u00e9cessiter un compl\u00e9ment d\u2019informations pour \u00eatre compl\u00e8tes. Nos \u00e9quipes notamment commerciales peuvent \u00eatre solliciter pour vous fournir ces compl\u00e9ments d\u2019informations. Certains produits ou services peuvent ne pas \u00eatre disponibles dans votre pays.<\/p><\/blockquote>\n<p><strong>2) Propri\u00e9t\u00e9 intellectuelle<\/strong><\/p>\n<blockquote><p>Ce Site est prot\u00e9g\u00e9 par des droits de propri\u00e9t\u00e9 intellectuelle. Les textes, les donn\u00e9es, les \u00e9l\u00e9ments graphiques, les images, les sons, les productions vid\u00e9os et\/ou sonores, les logos, les ic\u00f4nes ou le code html, et d\u2019une mani\u00e8re g\u00e9n\u00e9rale tous les documents contenus dans ce site, sont la propri\u00e9t\u00e9 exclusive de Meteo France International ou sont l&#8217;objet d&#8217;un accord de licence. Ils constituent des \u0153uvres de l&#8217;esprit ou des \u00e9l\u00e9ments de bases de donn\u00e9es et sont prot\u00e9g\u00e9s en tant que. Vous pouvez copier, t\u00e9l\u00e9charger et imprimer des \u00e9l\u00e9ments de ce contenu \u00e0 des fins personnelles et non commerciales uniquement et conform\u00e9ment aux principes r\u00e9gissant les lois sur la propri\u00e9t\u00e9 intellectuelle. Toute autre utilisation du contenu du Site sans l\u2019autorisation \u00e9crite pr\u00e9alable de Meteo France International est interdite. Le non-respect des interdictions susmentionn\u00e9es peut constituer un acte de contrefa\u00e7on et\/ou de concurrence d\u00e9loyale engageant votre responsabilit\u00e9 civile et\/ou p\u00e9nale.<\/p><\/blockquote>\n<p><strong>3) Engagement pris par le Site<\/strong><\/p>\n<blockquote><p>Meteo France International s\u2019efforce \u00e0 ce que le contenu du Site respecte les lois en vigueur et notamment la loi sur la libert\u00e9 de la presse de sorte qu&#8217;aucun \u00e9crit, image ou son \u00e0 caract\u00e8re diffamatoire, raciste ou r\u00e9visionniste ne soit mis en ligne. Conform\u00e9ment \u00e0 l&#8217;article 227-24 du Code p\u00e9nal relatif \u00e0 la protection des mineurs, aucun message \u00e0 caract\u00e8re violent, pornographique ou portant gravement atteinte \u00e0 la dignit\u00e9 humaine susceptible d&#8217;\u00eatre vu ou per\u00e7u par un mineur ne sera mis en ligne. Aucune reproduction d&#8217;une \u0153uvre prot\u00e9g\u00e9e ou d&#8217;une marque sans l&#8217;accord de son auteur, de ses ayants droit ou de son titulaire ne sera mise en ligne. Conform\u00e9ment \u00e0 la loi LCEN du 22 juin 2004, un droit de r\u00e9ponse est ouvert \u00e0 toute personne nomm\u00e9e ou d\u00e9sign\u00e9e sur le site. La demande doit \u00eatre faite au directeur de publication au plus tard dans les trois mois de la mise \u00e0 disposition du public du message justifiant cette demande. Cette insertion est gratuite et se fera dans un d\u00e9lai de trois jours de la r\u00e9ception de la demande, mais ne pourra en aucun cas d\u00e9passer deux cents lignes.<\/p><\/blockquote>\n<p><strong>4) Liens vers des sites web tiers<\/strong><\/p>\n<blockquote><p>Les liens vers des sites Web tiers ne sont fournis qu\u2019\u00e0 des fins d\u2019information. Meteo France International ne contr\u00f4lant pas ces sites web tiers, il vous incombe de v\u00e9rifier et de respecter les conditions d\u2019utilisation applicables \u00e0 ces sites Web tiers et Meteo France International vous recommande de prendre vos pr\u00e9cautions contre tout risque de virus ou autres programmes dangereux potentiels. Meteo France International ne pourra en aucun cas \u00eatre tenu responsable d\u2019un quelconque dommage li\u00e9 \u00e0 l\u2019utilisation d\u2019un de ces sites tiers.<\/p><\/blockquote>\n<p><strong>5) Garantie et responsabilit\u00e9<\/strong><\/p>\n<blockquote><p>Tous les \u00e9l\u00e9ments contenus dans le Site sont fournis \u201den l\u2019\u00e9tat\u201d et sans garantie d\u2019aucune sorte dans la mesure autoris\u00e9e par la loi applicable. Bien que Meteo France International fournisse des efforts raisonnables pour fournir des informations fiables par le biais de son Site, Meteo France International ne garantit pas que ce Site est exempt d\u2019inexactitudes, d\u2019erreurs et\/ou d\u2019omissions, ou que son contenu est appropri\u00e9 \u00e0 votre usage particulier ni compl\u00e8tement \u00e0 jour, et Meteo France International se r\u00e9serve le droit de modifier les informations \u00e0 tout moment sans pr\u00e9avis. Meteo France International ne garantit pas les r\u00e9sultats d\u00e9coulant de l\u2019utilisation de tout contenu. Vous \u00eates seul responsable de l\u2019utilisation des \u00e9l\u00e9ments contenus dans ce Site. Toute utilisation du Site est de votre seule responsabilit\u00e9. Vous devez vous conformer \u00e0 toutes les lois, r\u00e8gles et r\u00e9glementations applicables. Les informations contenues dans ce Site n\u2019\u00e9tendent ni ne modifient la garantie qui peut vous \u00eatre appliqu\u00e9e en raison d\u2019une relation contractuelle avec Meteo France International. Meteo France International ne sera pas responsable des dommages de toute nature, y compris les dommages indirects, cons\u00e9cutifs ou non r\u00e9sultant de l\u2019utilisation, l\u2019incapacit\u00e9 d\u2019utiliser ou la confiance accord\u00e9e \u00e0 tout \u00e9l\u00e9ment contenu dans ce Site.<\/p><\/blockquote>\n<p><strong>6) R\u00e8gles d\u2019usage des r\u00e9seaux sociaux<\/strong><\/p>\n<blockquote><p>Nous souhaitons que nos r\u00e9seaux sociaux repr\u00e9sentent une exp\u00e9rience agr\u00e9able, refl\u00e8tent les valeurs de Meteo France International et soient ainsi des communaut\u00e9s constructives, professionnelles, respectueuses, positives et solidaires. \u00c0 cette fin, nous nous r\u00e9servons le droit de supprimer toute publication enfreignant cet esprit et de bloquer toute personne qui les enfreint de mani\u00e8re r\u00e9p\u00e9t\u00e9e. En utilisant nos r\u00e9seaux sociaux, vous acceptez de respecter les pr\u00e9sentes conditions g\u00e9n\u00e9rales. Si vous souhaitez nous signaler toute utilisation inappropri\u00e9e de ce Site ou de nos r\u00e9seaux sociaux, veuillez contacter : sales@mfi.fr<\/p><\/blockquote>\n<p><strong>7) Droit d&#8217;acc\u00e8s, de modification, de rectification et de suppression des donn\u00e9es<\/strong><\/p>\n<blockquote><p>La Soci\u00e9t\u00e9 Meteo France International est le seul destinataire des donn\u00e9es personnelles pouvant \u00eatre collect\u00e9es via son site web et ne proc\u00e8dera pas \u00e0 la cession de son fichier client. Les utilisateurs disposent d&#8217;un droit d&#8217;acc\u00e8s, de modification, de rectification et de suppression des donn\u00e9es les concernant conform\u00e9ment \u00e0 ce qu&#8217;\u00e9noncent les articles 39 et 40 de la loi du 6 janvier 1978 modifi\u00e9e par la loi du 6 ao\u00fbt 2004. Pour l&#8217;exercer, vous pouvez vous adresser directement \u00e0 la Soci\u00e9t\u00e9 Meteo France International par courriel \u00e0 rgdp@mfi.fr ou par courrier adress\u00e9 \u00e0 la Soci\u00e9t\u00e9 Meteo France International 2 Avenue du Dr Maurice Grynfogel en pr\u00e9cisant \u00ab Service Gestion des donn\u00e9es personnelles \u00bb.Les messages envoy\u00e9s sur le r\u00e9seau internet peuvent \u00eatre intercept\u00e9s. Ne divulguez pas d&#8217;informations personnelles sensibles. Si vous souhaitez nous communiquer des informations confidentielles, nous vous conseillons d&#8217;utiliser la voie postale.<\/p><\/blockquote>\n<p><strong>8) Droit applicable et juridiction<\/strong><\/p>\n<blockquote><p>Toute contestation ou r\u00e9clamation d\u00e9coulant des CGU ou s\u2019y rapportant sera r\u00e9gie par le droit fran\u00e7ais. Les tribunaux de Toulouse &#8211; France seront les seuls comp\u00e9tents.<\/p><\/blockquote>\n<p><strong>9) Divers<\/strong><\/p>\n<blockquote><p>Ce site est \u00e9dit\u00e9 par :Meteo France International &#8211; Soci\u00e9t\u00e9 par actions simplifi\u00e9e au capital de 388 180 euros<br \/>\nRCS Toulouse<br \/>\nSi\u00e8ge social : 2 avenue du Docteur Maurice Grynfogel31 100 Toulouse<br \/>\nTel : +33 (0)5 32 26 23 00<br \/>\nDirecteur de la publication : Patrick Benichou<br \/>\nH\u00e9bergeur : OVH<br \/>\nContact: dsi@mfi.fr<\/p><\/blockquote>\n","protected":false},"excerpt":{"rendered":"<p>ACCEPTATION DES CONDITIONS GENERALES D&#8217;UTILISATION Les pr\u00e9sentes Conditions G\u00e9n\u00e9rales d\u2019Utilisation (\u201dCGU\u201c) \u00e9noncent les termes et conditions r\u00e9gissant votre utilisation et votre acc\u00e8s au site web de Meteo France International (le \u201dSite\u201c). En acc\u00e9dant et en naviguant sur le Site ou en utilisant et\/ou en t\u00e9l\u00e9chargeant tout contenu \u00e0 partir de celui-ci, vous acceptez enti\u00e8rement les [&hellip;]<\/p>\n","protected":false},"author":1,"featured_media":0,"parent":0,"menu_order":0,"comment_status":"closed","ping_status":"closed","template":"","meta":{"_acf_changed":false,"inline_featured_image":false,"footnotes":""},"class_list":["post-1212","page","type-page","status-publish","hentry"],"acf":[],"yoast_head":"<!-- This site is optimized with the Yoast SEO plugin v27.1.1 - https:\/\/yoast.com\/product\/yoast-seo-wordpress\/ -->\n<title>Notas legales - MFI - Meteo France International<\/title>\n<meta name=\"robots\" content=\"index, follow, max-snippet:-1, max-image-preview:large, max-video-preview:-1\" \/>\n<link rel=\"canonical\" href=\"https:\/\/www.mfi.fr\/es\/notas-legales\/\" \/>\n<meta property=\"og:locale\" content=\"es_ES\" \/>\n<meta property=\"og:type\" content=\"article\" \/>\n<meta property=\"og:title\" content=\"Notas legales - MFI - Meteo France International\" \/>\n<meta property=\"og:description\" content=\"ACCEPTATION DES CONDITIONS GENERALES D&#8217;UTILISATION Les pr\u00e9sentes Conditions G\u00e9n\u00e9rales d\u2019Utilisation (\u201dCGU\u201c) \u00e9noncent les termes et conditions r\u00e9gissant votre utilisation et votre acc\u00e8s au site web de Meteo France International (le \u201dSite\u201c). En acc\u00e9dant et en naviguant sur le Site ou en utilisant et\/ou en t\u00e9l\u00e9chargeant tout contenu \u00e0 partir de celui-ci, vous acceptez enti\u00e8rement les [&hellip;]\" \/>\n<meta property=\"og:url\" content=\"https:\/\/www.mfi.fr\/es\/notas-legales\/\" \/>\n<meta property=\"og:site_name\" content=\"MFI - Meteo France International\" \/>\n<meta property=\"article:modified_time\" content=\"2023-07-26T09:08:08+00:00\" \/>\n<meta name=\"twitter:card\" content=\"summary_large_image\" \/>\n<meta name=\"twitter:site\" content=\"@MFI_met\" \/>\n<meta name=\"twitter:label1\" content=\"Tiempo de lectura\" \/>\n\t<meta name=\"twitter:data1\" content=\"5 minutos\" \/>\n<script type=\"application\/ld+json\" class=\"yoast-schema-graph\">{\"@context\":\"https:\/\/schema.org\",\"@graph\":[{\"@type\":\"WebPage\",\"@id\":\"https:\/\/www.mfi.fr\/es\/notas-legales\/\",\"url\":\"https:\/\/www.mfi.fr\/es\/notas-legales\/\",\"name\":\"Notas legales - MFI - Meteo France International\",\"isPartOf\":{\"@id\":\"https:\/\/www.mfi.fr\/#website\"},\"datePublished\":\"2022-04-30T04:57:00+00:00\",\"dateModified\":\"2023-07-26T09:08:08+00:00\",\"breadcrumb\":{\"@id\":\"https:\/\/www.mfi.fr\/es\/notas-legales\/#breadcrumb\"},\"inLanguage\":\"es\",\"potentialAction\":[{\"@type\":\"ReadAction\",\"target\":[\"https:\/\/www.mfi.fr\/es\/notas-legales\/\"]}]},{\"@type\":\"BreadcrumbList\",\"@id\":\"https:\/\/www.mfi.fr\/es\/notas-legales\/#breadcrumb\",\"itemListElement\":[{\"@type\":\"ListItem\",\"position\":1,\"name\":\"Home\",\"item\":\"https:\/\/www.mfi.fr\/es\/\"},{\"@type\":\"ListItem\",\"position\":2,\"name\":\"Notas legales\"}]},{\"@type\":\"WebSite\",\"@id\":\"https:\/\/www.mfi.fr\/#website\",\"url\":\"https:\/\/www.mfi.fr\/\",\"name\":\"MFI - Meteo France International\",\"description\":\"With you for weather\",\"publisher\":{\"@id\":\"https:\/\/www.mfi.fr\/#organization\"},\"potentialAction\":[{\"@type\":\"SearchAction\",\"target\":{\"@type\":\"EntryPoint\",\"urlTemplate\":\"https:\/\/www.mfi.fr\/?s={search_term_string}\"},\"query-input\":{\"@type\":\"PropertyValueSpecification\",\"valueRequired\":true,\"valueName\":\"search_term_string\"}}],\"inLanguage\":\"es\"},{\"@type\":\"Organization\",\"@id\":\"https:\/\/www.mfi.fr\/#organization\",\"name\":\"MFI - Meteo France International\",\"url\":\"https:\/\/www.mfi.fr\/\",\"logo\":{\"@type\":\"ImageObject\",\"inLanguage\":\"es\",\"@id\":\"https:\/\/www.mfi.fr\/#\/schema\/logo\/image\/\",\"url\":\"https:\/\/www.mfi.fr\/wp-content\/uploads\/Logo_MFI-blanc-1.svg\",\"contentUrl\":\"https:\/\/www.mfi.fr\/wp-content\/uploads\/Logo_MFI-blanc-1.svg\",\"caption\":\"MFI - Meteo France International\"},\"image\":{\"@id\":\"https:\/\/www.mfi.fr\/#\/schema\/logo\/image\/\"},\"sameAs\":[\"https:\/\/x.com\/MFI_met\",\"https:\/\/www.linkedin.com\/company\/meteo-france-international\",\"https:\/\/www.youtube.com\/channel\/UCtOqEOoK7TrwcsCoa3QcPDQ\"]}]}<\/script>\n<!-- \/ Yoast SEO plugin. -->","yoast_head_json":{"title":"Notas legales - MFI - Meteo France International","robots":{"index":"index","follow":"follow","max-snippet":"max-snippet:-1","max-image-preview":"max-image-preview:large","max-video-preview":"max-video-preview:-1"},"canonical":"https:\/\/www.mfi.fr\/es\/notas-legales\/","og_locale":"es_ES","og_type":"article","og_title":"Notas legales - MFI - Meteo France International","og_description":"ACCEPTATION DES CONDITIONS GENERALES D&#8217;UTILISATION Les pr\u00e9sentes Conditions G\u00e9n\u00e9rales d\u2019Utilisation (\u201dCGU\u201c) \u00e9noncent les termes et conditions r\u00e9gissant votre utilisation et votre acc\u00e8s au site web de Meteo France International (le \u201dSite\u201c). En acc\u00e9dant et en naviguant sur le Site ou en utilisant et\/ou en t\u00e9l\u00e9chargeant tout contenu \u00e0 partir de celui-ci, vous acceptez enti\u00e8rement les [&hellip;]","og_url":"https:\/\/www.mfi.fr\/es\/notas-legales\/","og_site_name":"MFI - Meteo France International","article_modified_time":"2023-07-26T09:08:08+00:00","twitter_card":"summary_large_image","twitter_site":"@MFI_met","twitter_misc":{"Tiempo de lectura":"5 minutos"},"schema":{"@context":"https:\/\/schema.org","@graph":[{"@type":"WebPage","@id":"https:\/\/www.mfi.fr\/es\/notas-legales\/","url":"https:\/\/www.mfi.fr\/es\/notas-legales\/","name":"Notas legales - MFI - Meteo France International","isPartOf":{"@id":"https:\/\/www.mfi.fr\/#website"},"datePublished":"2022-04-30T04:57:00+00:00","dateModified":"2023-07-26T09:08:08+00:00","breadcrumb":{"@id":"https:\/\/www.mfi.fr\/es\/notas-legales\/#breadcrumb"},"inLanguage":"es","potentialAction":[{"@type":"ReadAction","target":["https:\/\/www.mfi.fr\/es\/notas-legales\/"]}]},{"@type":"BreadcrumbList","@id":"https:\/\/www.mfi.fr\/es\/notas-legales\/#breadcrumb","itemListElement":[{"@type":"ListItem","position":1,"name":"Home","item":"https:\/\/www.mfi.fr\/es\/"},{"@type":"ListItem","position":2,"name":"Notas legales"}]},{"@type":"WebSite","@id":"https:\/\/www.mfi.fr\/#website","url":"https:\/\/www.mfi.fr\/","name":"MFI - Meteo France International","description":"With you for weather","publisher":{"@id":"https:\/\/www.mfi.fr\/#organization"},"potentialAction":[{"@type":"SearchAction","target":{"@type":"EntryPoint","urlTemplate":"https:\/\/www.mfi.fr\/?s={search_term_string}"},"query-input":{"@type":"PropertyValueSpecification","valueRequired":true,"valueName":"search_term_string"}}],"inLanguage":"es"},{"@type":"Organization","@id":"https:\/\/www.mfi.fr\/#organization","name":"MFI - Meteo France International","url":"https:\/\/www.mfi.fr\/","logo":{"@type":"ImageObject","inLanguage":"es","@id":"https:\/\/www.mfi.fr\/#\/schema\/logo\/image\/","url":"https:\/\/www.mfi.fr\/wp-content\/uploads\/Logo_MFI-blanc-1.svg","contentUrl":"https:\/\/www.mfi.fr\/wp-content\/uploads\/Logo_MFI-blanc-1.svg","caption":"MFI - Meteo France International"},"image":{"@id":"https:\/\/www.mfi.fr\/#\/schema\/logo\/image\/"},"sameAs":["https:\/\/x.com\/MFI_met","https:\/\/www.linkedin.com\/company\/meteo-france-international","https:\/\/www.youtube.com\/channel\/UCtOqEOoK7TrwcsCoa3QcPDQ"]}]}},"_links":{"self":[{"href":"https:\/\/www.mfi.fr\/es\/wp-json\/wp\/v2\/pages\/1212","targetHints":{"allow":["GET"]}}],"collection":[{"href":"https:\/\/www.mfi.fr\/es\/wp-json\/wp\/v2\/pages"}],"about":[{"href":"https:\/\/www.mfi.fr\/es\/wp-json\/wp\/v2\/types\/page"}],"author":[{"embeddable":true,"href":"https:\/\/www.mfi.fr\/es\/wp-json\/wp\/v2\/users\/1"}],"replies":[{"embeddable":true,"href":"https:\/\/www.mfi.fr\/es\/wp-json\/wp\/v2\/comments?post=1212"}],"version-history":[{"count":4,"href":"https:\/\/www.mfi.fr\/es\/wp-json\/wp\/v2\/pages\/1212\/revisions"}],"predecessor-version":[{"id":65404,"href":"https:\/\/www.mfi.fr\/es\/wp-json\/wp\/v2\/pages\/1212\/revisions\/65404"}],"wp:attachment":[{"href":"https:\/\/www.mfi.fr\/es\/wp-json\/wp\/v2\/media?parent=1212"}],"curies":[{"name":"wp","href":"https:\/\/api.w.org\/{rel}","templated":true}]}}