{"id":1163,"date":"2022-05-17T07:52:12","date_gmt":"2022-05-17T07:52:12","guid":{"rendered":"https:\/\/www.mfi.fr\/references\/"},"modified":"2023-07-25T08:27:02","modified_gmt":"2023-07-25T08:27:02","slug":"referencias","status":"publish","type":"page","link":"https:\/\/www.mfi.fr\/es\/referencias\/","title":{"rendered":"Referencias"},"content":{"rendered":"<div id=\"pl-1163\"  class=\"panel-layout\" ><div id=\"pg-1163-0\"  class=\"panel-grid panel-no-style\" ><div id=\"pgc-1163-0-0\"  class=\"panel-grid-cell\" ><div id=\"panel-1163-0-0-0\" class=\"so-panel widget widget_sow-editor panel-first-child panel-last-child\" data-index=\"0\" ><div class=\"title-h2 title-h3 panel-widget-style panel-widget-style-for-1163-0-0-0\" ><div\n\t\t\t\n\t\t\tclass=\"so-widget-sow-editor so-widget-sow-editor-base\"\n\t\t\t\n\t\t>\n<div class=\"siteorigin-widget-tinymce textwidget\">\n\t<h2>Liderar ambiciosos proyectos meteorol\u00f3gicos en todo el mundo: esta es nuestra vocaci\u00f3n.<\/h2>\n<p>&nbsp;<\/p>\n<p><strong>En 20 a\u00f1os de existencia, MFI ha completado m\u00e1s de 400 contratos en 115 pa\u00edses. Desde la implementaci\u00f3n de un \u00fanico sistema de informaci\u00f3n hasta la implementaci\u00f3n de un ecosistema meteorol\u00f3gico completo, MFI se adapta a todas las necesidades, presupuestos y limitaciones locales.<\/strong><\/p>\n<p><strong>Descubra los proyectos que ya hemos completado y empiece a imaginar los suyos...<\/strong><\/p>\n<p>&nbsp;<\/p>\n<h3>Haga clic en el globo terr\u00e1queo<\/h3>\n<\/div>\n<\/div><\/div><\/div><\/div><\/div><\/div>","protected":false},"excerpt":{"rendered":"<p>Liderar ambiciosos proyectos meteorol\u00f3gicos en todo el mundo: esta es nuestra vocaci\u00f3n. &nbsp; En 20 a\u00f1os de existencia, MFI ha completado m\u00e1s de 400 contratos en 115 pa\u00edses. Desde la implementaci\u00f3n de un \u00fanico sistema de informaci\u00f3n hasta la implementaci\u00f3n de un ecosistema meteorol\u00f3gico completo, MFI se adapta a todas las necesidades, presupuestos y limitaciones [&hellip;]<\/p>\n","protected":false},"author":1,"featured_media":0,"parent":0,"menu_order":0,"comment_status":"closed","ping_status":"closed","template":"templates\/reference.php","meta":{"_acf_changed":false,"inline_featured_image":false,"footnotes":""},"class_list":["post-1163","page","type-page","status-publish","hentry"],"acf":[],"yoast_head":"<!-- This site is optimized with the Yoast SEO plugin v27.1.1 - https:\/\/yoast.com\/product\/yoast-seo-wordpress\/ -->\n<title>Referencias - MFI - Meteo France International<\/title>\n<meta name=\"description\" content=\"20 a\u00f1os de experiencia en meteorolog\u00eda y clima. Proyectos en m\u00e1s de 110 pa\u00edses alrededor del mundo. Inf\u00f3rmese de nuestros proyectos y soluciones t\u00e9cnicas.\" \/>\n<meta name=\"robots\" content=\"index, follow, max-snippet:-1, max-image-preview:large, max-video-preview:-1\" \/>\n<link rel=\"canonical\" href=\"https:\/\/www.mfi.fr\/es\/referencias\/\" \/>\n<meta property=\"og:locale\" content=\"es_ES\" \/>\n<meta property=\"og:type\" content=\"article\" \/>\n<meta property=\"og:title\" content=\"Referencias - MFI - Meteo France International\" \/>\n<meta property=\"og:description\" content=\"20 a\u00f1os de experiencia en meteorolog\u00eda y clima. Proyectos en m\u00e1s de 110 pa\u00edses alrededor del mundo. Inf\u00f3rmese de nuestros proyectos y soluciones t\u00e9cnicas.\" \/>\n<meta property=\"og:url\" content=\"https:\/\/www.mfi.fr\/es\/referencias\/\" \/>\n<meta property=\"og:site_name\" content=\"MFI - Meteo France International\" \/>\n<meta property=\"article:modified_time\" content=\"2023-07-25T08:27:02+00:00\" \/>\n<meta name=\"twitter:card\" content=\"summary_large_image\" \/>\n<meta name=\"twitter:site\" content=\"@MFI_met\" \/>\n<meta name=\"twitter:label1\" content=\"Tiempo de lectura\" \/>\n\t<meta name=\"twitter:data1\" content=\"1 minuto\" \/>\n<script type=\"application\/ld+json\" class=\"yoast-schema-graph\">{\"@context\":\"https:\/\/schema.org\",\"@graph\":[{\"@type\":\"WebPage\",\"@id\":\"https:\/\/www.mfi.fr\/es\/referencias\/\",\"url\":\"https:\/\/www.mfi.fr\/es\/referencias\/\",\"name\":\"Referencias - MFI - Meteo France International\",\"isPartOf\":{\"@id\":\"https:\/\/www.mfi.fr\/#website\"},\"datePublished\":\"2022-05-17T07:52:12+00:00\",\"dateModified\":\"2023-07-25T08:27:02+00:00\",\"description\":\"20 a\u00f1os de experiencia en meteorolog\u00eda y clima. Proyectos en m\u00e1s de 110 pa\u00edses alrededor del mundo. Inf\u00f3rmese de nuestros proyectos y soluciones t\u00e9cnicas.\",\"breadcrumb\":{\"@id\":\"https:\/\/www.mfi.fr\/es\/referencias\/#breadcrumb\"},\"inLanguage\":\"es\",\"potentialAction\":[{\"@type\":\"ReadAction\",\"target\":[\"https:\/\/www.mfi.fr\/es\/referencias\/\"]}]},{\"@type\":\"BreadcrumbList\",\"@id\":\"https:\/\/www.mfi.fr\/es\/referencias\/#breadcrumb\",\"itemListElement\":[{\"@type\":\"ListItem\",\"position\":1,\"name\":\"Home\",\"item\":\"https:\/\/www.mfi.fr\/es\/\"},{\"@type\":\"ListItem\",\"position\":2,\"name\":\"Referencias\"}]},{\"@type\":\"WebSite\",\"@id\":\"https:\/\/www.mfi.fr\/#website\",\"url\":\"https:\/\/www.mfi.fr\/\",\"name\":\"MFI - Meteo France International\",\"description\":\"With you for weather\",\"publisher\":{\"@id\":\"https:\/\/www.mfi.fr\/#organization\"},\"potentialAction\":[{\"@type\":\"SearchAction\",\"target\":{\"@type\":\"EntryPoint\",\"urlTemplate\":\"https:\/\/www.mfi.fr\/?s={search_term_string}\"},\"query-input\":{\"@type\":\"PropertyValueSpecification\",\"valueRequired\":true,\"valueName\":\"search_term_string\"}}],\"inLanguage\":\"es\"},{\"@type\":\"Organization\",\"@id\":\"https:\/\/www.mfi.fr\/#organization\",\"name\":\"MFI - Meteo France International\",\"url\":\"https:\/\/www.mfi.fr\/\",\"logo\":{\"@type\":\"ImageObject\",\"inLanguage\":\"es\",\"@id\":\"https:\/\/www.mfi.fr\/#\/schema\/logo\/image\/\",\"url\":\"https:\/\/www.mfi.fr\/wp-content\/uploads\/Logo_MFI-blanc-1.svg\",\"contentUrl\":\"https:\/\/www.mfi.fr\/wp-content\/uploads\/Logo_MFI-blanc-1.svg\",\"caption\":\"MFI - Meteo France International\"},\"image\":{\"@id\":\"https:\/\/www.mfi.fr\/#\/schema\/logo\/image\/\"},\"sameAs\":[\"https:\/\/x.com\/MFI_met\",\"https:\/\/www.linkedin.com\/company\/meteo-france-international\",\"https:\/\/www.youtube.com\/channel\/UCtOqEOoK7TrwcsCoa3QcPDQ\"]}]}<\/script>\n<!-- \/ Yoast SEO plugin. -->","yoast_head_json":{"title":"Referencias - MFI - Meteo France International","description":"20 a\u00f1os de experiencia en meteorolog\u00eda y clima. Proyectos en m\u00e1s de 110 pa\u00edses alrededor del mundo. Inf\u00f3rmese de nuestros proyectos y soluciones t\u00e9cnicas.","robots":{"index":"index","follow":"follow","max-snippet":"max-snippet:-1","max-image-preview":"max-image-preview:large","max-video-preview":"max-video-preview:-1"},"canonical":"https:\/\/www.mfi.fr\/es\/referencias\/","og_locale":"es_ES","og_type":"article","og_title":"Referencias - MFI - Meteo France International","og_description":"20 a\u00f1os de experiencia en meteorolog\u00eda y clima. Proyectos en m\u00e1s de 110 pa\u00edses alrededor del mundo. Inf\u00f3rmese de nuestros proyectos y soluciones t\u00e9cnicas.","og_url":"https:\/\/www.mfi.fr\/es\/referencias\/","og_site_name":"MFI - Meteo France International","article_modified_time":"2023-07-25T08:27:02+00:00","twitter_card":"summary_large_image","twitter_site":"@MFI_met","twitter_misc":{"Tiempo de lectura":"1 minuto"},"schema":{"@context":"https:\/\/schema.org","@graph":[{"@type":"WebPage","@id":"https:\/\/www.mfi.fr\/es\/referencias\/","url":"https:\/\/www.mfi.fr\/es\/referencias\/","name":"Referencias - MFI - Meteo France International","isPartOf":{"@id":"https:\/\/www.mfi.fr\/#website"},"datePublished":"2022-05-17T07:52:12+00:00","dateModified":"2023-07-25T08:27:02+00:00","description":"20 a\u00f1os de experiencia en meteorolog\u00eda y clima. Proyectos en m\u00e1s de 110 pa\u00edses alrededor del mundo. Inf\u00f3rmese de nuestros proyectos y soluciones t\u00e9cnicas.","breadcrumb":{"@id":"https:\/\/www.mfi.fr\/es\/referencias\/#breadcrumb"},"inLanguage":"es","potentialAction":[{"@type":"ReadAction","target":["https:\/\/www.mfi.fr\/es\/referencias\/"]}]},{"@type":"BreadcrumbList","@id":"https:\/\/www.mfi.fr\/es\/referencias\/#breadcrumb","itemListElement":[{"@type":"ListItem","position":1,"name":"Home","item":"https:\/\/www.mfi.fr\/es\/"},{"@type":"ListItem","position":2,"name":"Referencias"}]},{"@type":"WebSite","@id":"https:\/\/www.mfi.fr\/#website","url":"https:\/\/www.mfi.fr\/","name":"MFI - Meteo France International","description":"With you for weather","publisher":{"@id":"https:\/\/www.mfi.fr\/#organization"},"potentialAction":[{"@type":"SearchAction","target":{"@type":"EntryPoint","urlTemplate":"https:\/\/www.mfi.fr\/?s={search_term_string}"},"query-input":{"@type":"PropertyValueSpecification","valueRequired":true,"valueName":"search_term_string"}}],"inLanguage":"es"},{"@type":"Organization","@id":"https:\/\/www.mfi.fr\/#organization","name":"MFI - Meteo France International","url":"https:\/\/www.mfi.fr\/","logo":{"@type":"ImageObject","inLanguage":"es","@id":"https:\/\/www.mfi.fr\/#\/schema\/logo\/image\/","url":"https:\/\/www.mfi.fr\/wp-content\/uploads\/Logo_MFI-blanc-1.svg","contentUrl":"https:\/\/www.mfi.fr\/wp-content\/uploads\/Logo_MFI-blanc-1.svg","caption":"MFI - Meteo France International"},"image":{"@id":"https:\/\/www.mfi.fr\/#\/schema\/logo\/image\/"},"sameAs":["https:\/\/x.com\/MFI_met","https:\/\/www.linkedin.com\/company\/meteo-france-international","https:\/\/www.youtube.com\/channel\/UCtOqEOoK7TrwcsCoa3QcPDQ"]}]}},"_links":{"self":[{"href":"https:\/\/www.mfi.fr\/es\/wp-json\/wp\/v2\/pages\/1163","targetHints":{"allow":["GET"]}}],"collection":[{"href":"https:\/\/www.mfi.fr\/es\/wp-json\/wp\/v2\/pages"}],"about":[{"href":"https:\/\/www.mfi.fr\/es\/wp-json\/wp\/v2\/types\/page"}],"author":[{"embeddable":true,"href":"https:\/\/www.mfi.fr\/es\/wp-json\/wp\/v2\/users\/1"}],"replies":[{"embeddable":true,"href":"https:\/\/www.mfi.fr\/es\/wp-json\/wp\/v2\/comments?post=1163"}],"version-history":[{"count":8,"href":"https:\/\/www.mfi.fr\/es\/wp-json\/wp\/v2\/pages\/1163\/revisions"}],"predecessor-version":[{"id":65187,"href":"https:\/\/www.mfi.fr\/es\/wp-json\/wp\/v2\/pages\/1163\/revisions\/65187"}],"wp:attachment":[{"href":"https:\/\/www.mfi.fr\/es\/wp-json\/wp\/v2\/media?parent=1163"}],"curies":[{"name":"wp","href":"https:\/\/api.w.org\/{rel}","templated":true}]}}