{"id":1149,"date":"2022-04-21T11:38:52","date_gmt":"2022-04-21T11:38:52","guid":{"rendered":"https:\/\/www.mfi.fr\/about-us\/"},"modified":"2023-07-26T08:57:17","modified_gmt":"2023-07-26T08:57:17","slug":"quienes-somos","status":"publish","type":"page","link":"https:\/\/www.mfi.fr\/es\/quienes-somos\/","title":{"rendered":"\u00bfQui\u00e9nes somos?"},"content":{"rendered":"","protected":false},"excerpt":{"rendered":"","protected":false},"author":1,"featured_media":0,"parent":0,"menu_order":0,"comment_status":"closed","ping_status":"closed","template":"templates\/aboutus.php","meta":{"_acf_changed":false,"inline_featured_image":false,"footnotes":""},"class_list":["post-1149","page","type-page","status-publish","hentry"],"acf":[],"yoast_head":"<!-- This site is optimized with the Yoast SEO plugin v27.1.1 - https:\/\/yoast.com\/product\/yoast-seo-wordpress\/ -->\n<title>\u00bfQui\u00e9nes somos? - MFI - Meteo France International<\/title>\n<meta name=\"description\" content=\"Filial de M\u00e9t\u00e9o-France. Nos especializamos en proyectos de modernizaci\u00f3n de servicios meteorol\u00f3gicos nacionales. Desarrollamos software innovador para problemas meteorol\u00f3gicos y clim\u00e1ticos.\" \/>\n<meta name=\"robots\" content=\"index, follow, max-snippet:-1, max-image-preview:large, max-video-preview:-1\" \/>\n<link rel=\"canonical\" href=\"https:\/\/www.mfi.fr\/es\/quienes-somos\/\" \/>\n<meta property=\"og:locale\" content=\"es_ES\" \/>\n<meta property=\"og:type\" content=\"article\" \/>\n<meta property=\"og:title\" content=\"\u00bfQui\u00e9nes somos? - MFI - Meteo France International\" \/>\n<meta property=\"og:description\" content=\"Filial de M\u00e9t\u00e9o-France. Nos especializamos en proyectos de modernizaci\u00f3n de servicios meteorol\u00f3gicos nacionales. Desarrollamos software innovador para problemas meteorol\u00f3gicos y clim\u00e1ticos.\" \/>\n<meta property=\"og:url\" content=\"https:\/\/www.mfi.fr\/es\/quienes-somos\/\" \/>\n<meta property=\"og:site_name\" content=\"MFI - Meteo France International\" \/>\n<meta property=\"article:modified_time\" content=\"2023-07-26T08:57:17+00:00\" \/>\n<meta name=\"twitter:card\" content=\"summary_large_image\" \/>\n<meta name=\"twitter:site\" content=\"@MFI_met\" \/>\n<script type=\"application\/ld+json\" class=\"yoast-schema-graph\">{\"@context\":\"https:\/\/schema.org\",\"@graph\":[{\"@type\":\"WebPage\",\"@id\":\"https:\/\/www.mfi.fr\/es\/quienes-somos\/\",\"url\":\"https:\/\/www.mfi.fr\/es\/quienes-somos\/\",\"name\":\"\u00bfQui\u00e9nes somos? - MFI - Meteo France International\",\"isPartOf\":{\"@id\":\"https:\/\/www.mfi.fr\/#website\"},\"datePublished\":\"2022-04-21T11:38:52+00:00\",\"dateModified\":\"2023-07-26T08:57:17+00:00\",\"description\":\"Filial de M\u00e9t\u00e9o-France. Nos especializamos en proyectos de modernizaci\u00f3n de servicios meteorol\u00f3gicos nacionales. Desarrollamos software innovador para problemas meteorol\u00f3gicos y clim\u00e1ticos.\",\"breadcrumb\":{\"@id\":\"https:\/\/www.mfi.fr\/es\/quienes-somos\/#breadcrumb\"},\"inLanguage\":\"es\",\"potentialAction\":[{\"@type\":\"ReadAction\",\"target\":[\"https:\/\/www.mfi.fr\/es\/quienes-somos\/\"]}]},{\"@type\":\"BreadcrumbList\",\"@id\":\"https:\/\/www.mfi.fr\/es\/quienes-somos\/#breadcrumb\",\"itemListElement\":[{\"@type\":\"ListItem\",\"position\":1,\"name\":\"Home\",\"item\":\"https:\/\/www.mfi.fr\/es\/\"},{\"@type\":\"ListItem\",\"position\":2,\"name\":\"\u00bfQui\u00e9nes somos?\"}]},{\"@type\":\"WebSite\",\"@id\":\"https:\/\/www.mfi.fr\/#website\",\"url\":\"https:\/\/www.mfi.fr\/\",\"name\":\"MFI - Meteo France International\",\"description\":\"With you for weather\",\"publisher\":{\"@id\":\"https:\/\/www.mfi.fr\/#organization\"},\"potentialAction\":[{\"@type\":\"SearchAction\",\"target\":{\"@type\":\"EntryPoint\",\"urlTemplate\":\"https:\/\/www.mfi.fr\/?s={search_term_string}\"},\"query-input\":{\"@type\":\"PropertyValueSpecification\",\"valueRequired\":true,\"valueName\":\"search_term_string\"}}],\"inLanguage\":\"es\"},{\"@type\":\"Organization\",\"@id\":\"https:\/\/www.mfi.fr\/#organization\",\"name\":\"MFI - Meteo France International\",\"url\":\"https:\/\/www.mfi.fr\/\",\"logo\":{\"@type\":\"ImageObject\",\"inLanguage\":\"es\",\"@id\":\"https:\/\/www.mfi.fr\/#\/schema\/logo\/image\/\",\"url\":\"https:\/\/www.mfi.fr\/wp-content\/uploads\/Logo_MFI-blanc-1.svg\",\"contentUrl\":\"https:\/\/www.mfi.fr\/wp-content\/uploads\/Logo_MFI-blanc-1.svg\",\"caption\":\"MFI - Meteo France International\"},\"image\":{\"@id\":\"https:\/\/www.mfi.fr\/#\/schema\/logo\/image\/\"},\"sameAs\":[\"https:\/\/x.com\/MFI_met\",\"https:\/\/www.linkedin.com\/company\/meteo-france-international\",\"https:\/\/www.youtube.com\/channel\/UCtOqEOoK7TrwcsCoa3QcPDQ\"]}]}<\/script>\n<!-- \/ Yoast SEO plugin. -->","yoast_head_json":{"title":"\u00bfQui\u00e9nes somos? - MFI - Meteo France International","description":"Filial de M\u00e9t\u00e9o-France. Nos especializamos en proyectos de modernizaci\u00f3n de servicios meteorol\u00f3gicos nacionales. Desarrollamos software innovador para problemas meteorol\u00f3gicos y clim\u00e1ticos.","robots":{"index":"index","follow":"follow","max-snippet":"max-snippet:-1","max-image-preview":"max-image-preview:large","max-video-preview":"max-video-preview:-1"},"canonical":"https:\/\/www.mfi.fr\/es\/quienes-somos\/","og_locale":"es_ES","og_type":"article","og_title":"\u00bfQui\u00e9nes somos? - MFI - Meteo France International","og_description":"Filial de M\u00e9t\u00e9o-France. Nos especializamos en proyectos de modernizaci\u00f3n de servicios meteorol\u00f3gicos nacionales. Desarrollamos software innovador para problemas meteorol\u00f3gicos y clim\u00e1ticos.","og_url":"https:\/\/www.mfi.fr\/es\/quienes-somos\/","og_site_name":"MFI - Meteo France International","article_modified_time":"2023-07-26T08:57:17+00:00","twitter_card":"summary_large_image","twitter_site":"@MFI_met","schema":{"@context":"https:\/\/schema.org","@graph":[{"@type":"WebPage","@id":"https:\/\/www.mfi.fr\/es\/quienes-somos\/","url":"https:\/\/www.mfi.fr\/es\/quienes-somos\/","name":"\u00bfQui\u00e9nes somos? - MFI - Meteo France International","isPartOf":{"@id":"https:\/\/www.mfi.fr\/#website"},"datePublished":"2022-04-21T11:38:52+00:00","dateModified":"2023-07-26T08:57:17+00:00","description":"Filial de M\u00e9t\u00e9o-France. Nos especializamos en proyectos de modernizaci\u00f3n de servicios meteorol\u00f3gicos nacionales. Desarrollamos software innovador para problemas meteorol\u00f3gicos y clim\u00e1ticos.","breadcrumb":{"@id":"https:\/\/www.mfi.fr\/es\/quienes-somos\/#breadcrumb"},"inLanguage":"es","potentialAction":[{"@type":"ReadAction","target":["https:\/\/www.mfi.fr\/es\/quienes-somos\/"]}]},{"@type":"BreadcrumbList","@id":"https:\/\/www.mfi.fr\/es\/quienes-somos\/#breadcrumb","itemListElement":[{"@type":"ListItem","position":1,"name":"Home","item":"https:\/\/www.mfi.fr\/es\/"},{"@type":"ListItem","position":2,"name":"\u00bfQui\u00e9nes somos?"}]},{"@type":"WebSite","@id":"https:\/\/www.mfi.fr\/#website","url":"https:\/\/www.mfi.fr\/","name":"MFI - Meteo France International","description":"With you for weather","publisher":{"@id":"https:\/\/www.mfi.fr\/#organization"},"potentialAction":[{"@type":"SearchAction","target":{"@type":"EntryPoint","urlTemplate":"https:\/\/www.mfi.fr\/?s={search_term_string}"},"query-input":{"@type":"PropertyValueSpecification","valueRequired":true,"valueName":"search_term_string"}}],"inLanguage":"es"},{"@type":"Organization","@id":"https:\/\/www.mfi.fr\/#organization","name":"MFI - Meteo France International","url":"https:\/\/www.mfi.fr\/","logo":{"@type":"ImageObject","inLanguage":"es","@id":"https:\/\/www.mfi.fr\/#\/schema\/logo\/image\/","url":"https:\/\/www.mfi.fr\/wp-content\/uploads\/Logo_MFI-blanc-1.svg","contentUrl":"https:\/\/www.mfi.fr\/wp-content\/uploads\/Logo_MFI-blanc-1.svg","caption":"MFI - Meteo France International"},"image":{"@id":"https:\/\/www.mfi.fr\/#\/schema\/logo\/image\/"},"sameAs":["https:\/\/x.com\/MFI_met","https:\/\/www.linkedin.com\/company\/meteo-france-international","https:\/\/www.youtube.com\/channel\/UCtOqEOoK7TrwcsCoa3QcPDQ"]}]}},"_links":{"self":[{"href":"https:\/\/www.mfi.fr\/es\/wp-json\/wp\/v2\/pages\/1149","targetHints":{"allow":["GET"]}}],"collection":[{"href":"https:\/\/www.mfi.fr\/es\/wp-json\/wp\/v2\/pages"}],"about":[{"href":"https:\/\/www.mfi.fr\/es\/wp-json\/wp\/v2\/types\/page"}],"author":[{"embeddable":true,"href":"https:\/\/www.mfi.fr\/es\/wp-json\/wp\/v2\/users\/1"}],"replies":[{"embeddable":true,"href":"https:\/\/www.mfi.fr\/es\/wp-json\/wp\/v2\/comments?post=1149"}],"version-history":[{"count":13,"href":"https:\/\/www.mfi.fr\/es\/wp-json\/wp\/v2\/pages\/1149\/revisions"}],"predecessor-version":[{"id":67895,"href":"https:\/\/www.mfi.fr\/es\/wp-json\/wp\/v2\/pages\/1149\/revisions\/67895"}],"wp:attachment":[{"href":"https:\/\/www.mfi.fr\/es\/wp-json\/wp\/v2\/media?parent=1149"}],"curies":[{"name":"wp","href":"https:\/\/api.w.org\/{rel}","templated":true}]}}